{"id":12,"date":"2026-03-16T19:04:42","date_gmt":"2026-03-16T19:04:42","guid":{"rendered":"https:\/\/fnsagribusiness.sn\/?page_id=12"},"modified":"2026-03-16T20:40:35","modified_gmt":"2026-03-16T20:40:35","slug":"expertises","status":"publish","type":"page","link":"https:\/\/fnsagribusiness.sn\/index.php\/expertises\/","title":{"rendered":"Expertises"},"content":{"rendered":"\t\t<div data-elementor-type=\"wp-page\" data-elementor-id=\"12\" class=\"elementor elementor-12\" data-elementor-post-type=\"page\">\n\t\t\t\t<div class=\"elementor-element elementor-element-522ec7b2 e-con-full e-flex e-con e-parent\" data-id=\"522ec7b2\" data-element_type=\"container\" data-e-type=\"container\">\n\t\t<div class=\"elementor-element elementor-element-56c8d9c9 e-con-full e-flex e-con e-child\" data-id=\"56c8d9c9\" data-element_type=\"container\" data-e-type=\"container\" data-settings=\"{&quot;background_background&quot;:&quot;classic&quot;}\">\n\t\t\t\t<div class=\"elementor-element elementor-element-21b4d089 animated-slow elementor-invisible elementor-widget elementor-widget-heading\" data-id=\"21b4d089\" data-element_type=\"widget\" data-e-type=\"widget\" data-settings=\"{&quot;_animation&quot;:&quot;fadeIn&quot;}\" data-widget_type=\"heading.default\">\n\t\t\t\t\t<h2 class=\"elementor-heading-title elementor-size-default\">Expertise<\/h2>\t\t\t\t<\/div>\n\t\t\t\t<div class=\"elementor-element elementor-element-44a52877 elementor-widget elementor-widget-heading\" data-id=\"44a52877\" data-element_type=\"widget\" data-e-type=\"widget\" data-widget_type=\"heading.default\">\n\t\t\t\t\t<h2 class=\"elementor-heading-title elementor-size-default\">Une cha\u00eene de valeur ma\u00eetris\u00e9e pour garantir qualit\u00e9, fra\u00eecheur et fiabilit\u00e9 \u00e0 l\u2019international<\/h2>\t\t\t\t<\/div>\n\t\t\t\t<div class=\"elementor-element elementor-element-5e492e46 elementor-widget elementor-widget-text-editor\" data-id=\"5e492e46\" data-element_type=\"widget\" data-e-type=\"widget\" data-widget_type=\"text-editor.default\">\n\t\t\t\t\t\t\t\t\t<p class=\"p1\">Chez <span class=\"s1\"><b>FNS AGRI BUSINESS<\/b><\/span>, nous mettons notre savoir-faire au service d\u2019une agriculture performante et orient\u00e9e vers l\u2019export. Notre organisation nous permet de contr\u00f4ler chaque \u00e9tape, de la production jusqu\u2019\u00e0 la livraison.<\/p>\t\t\t\t\t\t\t\t<\/div>\n\t\t\t\t<\/div>\n\t\t<div class=\"elementor-element elementor-element-56beb902 e-con-full e-flex e-con e-child\" data-id=\"56beb902\" data-element_type=\"container\" data-e-type=\"container\" data-settings=\"{&quot;background_background&quot;:&quot;classic&quot;}\">\n\t\t\t\t<\/div>\n\t\t\t\t<\/div>\n\t\t<div class=\"elementor-element elementor-element-392bcc04 e-con-full e-flex e-con e-parent\" data-id=\"392bcc04\" data-element_type=\"container\" data-e-type=\"container\">\n\t\t<div class=\"elementor-element elementor-element-19793f2b e-con-full e-flex e-con e-child\" data-id=\"19793f2b\" data-element_type=\"container\" data-e-type=\"container\">\n\t\t\t\t<div class=\"elementor-element elementor-element-46431096 animated-slow elementor-invisible elementor-widget elementor-widget-heading\" data-id=\"46431096\" data-element_type=\"widget\" data-e-type=\"widget\" data-settings=\"{&quot;_animation&quot;:&quot;fadeIn&quot;}\" data-widget_type=\"heading.default\">\n\t\t\t\t\t<h2 class=\"elementor-heading-title elementor-size-default\">1. Production &amp; Export de Mangues<\/h2>\t\t\t\t<\/div>\n\t\t\t\t<div class=\"elementor-element elementor-element-4be0c73f elementor-widget elementor-widget-text-editor\" data-id=\"4be0c73f\" data-element_type=\"widget\" data-e-type=\"widget\" data-widget_type=\"text-editor.default\">\n\t\t\t\t\t\t\t\t\t<p class=\"p1\"><b>Notre sp\u00e9cialit\u00e9, reconnue pour sa qualit\u00e9 premium<\/b><b><\/b><\/p><p class=\"p3\">La mangue s\u00e9n\u00e9galaise est au c\u0153ur de notre activit\u00e9. Nous produisons et exportons des mangues r\u00e9pondant aux standards internationaux les plus exigeants.<\/p><h3><b>Vari\u00e9t\u00e9s cultiv\u00e9es :<\/b><\/h3><ul><li><p class=\"p1\">Kent<\/p><\/li><li><p class=\"p1\">Keitt<\/p><\/li><li><p class=\"p1\">Am\u00e9lior\u00e9e<\/p><\/li><\/ul><p class=\"p3\">Ces vari\u00e9t\u00e9s sont appr\u00e9ci\u00e9es pour leur go\u00fbt sucr\u00e9, leur texture ferme et leur excellente tenue au transport longue distance.<\/p><p class=\"p3\">Gr\u00e2ce \u00e0 un suivi rigoureux des plantations, nous garantissons une production homog\u00e8ne et conforme aux exigences du march\u00e9.<\/p>\t\t\t\t\t\t\t\t<\/div>\n\t\t\t\t<\/div>\n\t\t<div class=\"elementor-element elementor-element-393ee3ea e-con-full e-flex e-con e-child\" data-id=\"393ee3ea\" data-element_type=\"container\" data-e-type=\"container\" data-settings=\"{&quot;background_background&quot;:&quot;classic&quot;}\">\n\t\t\t\t<\/div>\n\t\t\t\t<\/div>\n\t\t<div class=\"elementor-element elementor-element-5fd6fcb0 e-con-full e-flex e-con e-parent\" data-id=\"5fd6fcb0\" data-element_type=\"container\" data-e-type=\"container\">\n\t\t<div class=\"elementor-element elementor-element-2b0b91a7 e-con-full e-flex e-con e-child\" data-id=\"2b0b91a7\" data-element_type=\"container\" data-e-type=\"container\">\n\t\t\t\t<div class=\"elementor-element elementor-element-3187f00c animated-slow elementor-invisible elementor-widget elementor-widget-heading\" data-id=\"3187f00c\" data-element_type=\"widget\" data-e-type=\"widget\" data-settings=\"{&quot;_animation&quot;:&quot;fadeIn&quot;}\" data-widget_type=\"heading.default\">\n\t\t\t\t\t<h2 class=\"elementor-heading-title elementor-size-default\">2. Une Cha\u00eene Ma\u00eetris\u00e9e<\/h2>\t\t\t\t<\/div>\n\t\t\t\t<div class=\"elementor-element elementor-element-1ffc221a elementor-widget elementor-widget-text-editor\" data-id=\"1ffc221a\" data-element_type=\"widget\" data-e-type=\"widget\" data-widget_type=\"text-editor.default\">\n\t\t\t\t\t\t\t\t\t<p class=\"p1\"><b>Du verger au client final<\/b><b><\/b><\/p><p class=\"p3\">Notre force repose sur une parfaite ma\u00eetrise de l\u2019ensemble du processus :<\/p><p class=\"p1\"><b>Verger \u2192 R\u00e9colte \u2192 Conditionnement \u2192 Export<\/b><b><\/b><\/p><p class=\"p3\">Chaque \u00e9tape est contr\u00f4l\u00e9e afin d\u2019assurer :<\/p><ul><li><p class=\"p1\">Une tra\u00e7abilit\u00e9 compl\u00e8te<\/p><\/li><li><p class=\"p1\">Un tri et calibrage pr\u00e9cis<\/p><\/li><li><p class=\"p1\">Un emballage adapt\u00e9 aux normes d\u2019exportation<\/p><\/li><li><p class=\"p1\">Une conformit\u00e9 aux exigences des partenaires internationaux<\/p><\/li><\/ul><p class=\"p3\">Nous adaptons nos formats et conditionnements selon les besoins sp\u00e9cifiques de nos clients.<\/p>\t\t\t\t\t\t\t\t<\/div>\n\t\t\t\t<\/div>\n\t\t<div class=\"elementor-element elementor-element-5afa7b6e e-con-full e-flex e-con e-child\" data-id=\"5afa7b6e\" data-element_type=\"container\" data-e-type=\"container\" data-settings=\"{&quot;background_background&quot;:&quot;classic&quot;}\">\n\t\t\t\t<\/div>\n\t\t\t\t<\/div>\n\t\t<div class=\"elementor-element elementor-element-2e68354f e-con-full e-flex e-con e-parent\" data-id=\"2e68354f\" data-element_type=\"container\" data-e-type=\"container\">\n\t\t<div class=\"elementor-element elementor-element-3b3836ac e-con-full e-flex e-con e-child\" data-id=\"3b3836ac\" data-element_type=\"container\" data-e-type=\"container\">\n\t\t\t\t<div class=\"elementor-element elementor-element-33e9fd01 animated-slow elementor-invisible elementor-widget elementor-widget-heading\" data-id=\"33e9fd01\" data-element_type=\"widget\" data-e-type=\"widget\" data-settings=\"{&quot;_animation&quot;:&quot;fadeIn&quot;}\" data-widget_type=\"heading.default\">\n\t\t\t\t\t<h2 class=\"elementor-heading-title elementor-size-default\">3. Logistique &amp; Produits Compl\u00e9mentaires<\/h2>\t\t\t\t<\/div>\n\t\t\t\t<div class=\"elementor-element elementor-element-ce2a6db elementor-widget elementor-widget-text-editor\" data-id=\"ce2a6db\" data-element_type=\"widget\" data-e-type=\"widget\" data-widget_type=\"text-editor.default\">\n\t\t\t\t\t\t\t\t\t<p class=\"p1\"><b>Performance, fra\u00eecheur et diversification<\/b><b><\/b><\/p><p class=\"p3\">Nous disposons d\u2019une logistique efficace incluant :<\/p><ul><li><p class=\"p1\">Une cha\u00eene du froid optimis\u00e9e<\/p><\/li><li><p class=\"p1\">Des contr\u00f4les qualit\u00e9 avant exp\u00e9dition<\/p><\/li><li><p class=\"p1\">Des exp\u00e9ditions a\u00e9riennes et maritimes<\/p><\/li><\/ul><p class=\"p3\">En compl\u00e9ment de la mangue, nous proposons \u00e9galement des fruits et l\u00e9gumes de saison tels que :<\/p><ul><li><p class=\"p1\">Haricots verts<\/p><\/li><li><p class=\"p1\">Gombos<\/p><\/li><li><p class=\"p1\">Past\u00e8ques<\/p><\/li><li><p class=\"p1\">Autres produits agricoles selon disponibilit\u00e9<\/p><\/li><\/ul><p class=\"p3\">Cette diversification nous permet de r\u00e9pondre aux demandes vari\u00e9es de nos partenaires tout au long de l\u2019ann\u00e9e.<\/p>\t\t\t\t\t\t\t\t<\/div>\n\t\t\t\t<\/div>\n\t\t<div class=\"elementor-element elementor-element-5ec936bc e-con-full e-flex e-con e-child\" data-id=\"5ec936bc\" data-element_type=\"container\" data-e-type=\"container\" data-settings=\"{&quot;background_background&quot;:&quot;classic&quot;}\">\n\t\t\t\t<\/div>\n\t\t\t\t<\/div>\n\t\t\t\t<\/div>\n\t\t","protected":false},"excerpt":{"rendered":"<p>Expertise Une cha\u00eene de valeur ma\u00eetris\u00e9e pour garantir qualit\u00e9, fra\u00eecheur et fiabilit\u00e9 \u00e0 l\u2019international Chez FNS AGRI BUSINESS, nous mettons notre savoir-faire au service d\u2019une agriculture performante et orient\u00e9e vers l\u2019export. Notre organisation nous permet de contr\u00f4ler chaque \u00e9tape, de la production jusqu\u2019\u00e0 la livraison. 1. Production &amp; Export de Mangues Notre sp\u00e9cialit\u00e9, reconnue pour [&hellip;]<\/p>\n","protected":false},"author":2,"featured_media":0,"parent":0,"menu_order":0,"comment_status":"closed","ping_status":"closed","template":"","meta":{"footnotes":""},"class_list":["post-12","page","type-page","status-publish","hentry"],"_links":{"self":[{"href":"https:\/\/fnsagribusiness.sn\/index.php\/wp-json\/wp\/v2\/pages\/12","targetHints":{"allow":["GET"]}}],"collection":[{"href":"https:\/\/fnsagribusiness.sn\/index.php\/wp-json\/wp\/v2\/pages"}],"about":[{"href":"https:\/\/fnsagribusiness.sn\/index.php\/wp-json\/wp\/v2\/types\/page"}],"author":[{"embeddable":true,"href":"https:\/\/fnsagribusiness.sn\/index.php\/wp-json\/wp\/v2\/users\/2"}],"replies":[{"embeddable":true,"href":"https:\/\/fnsagribusiness.sn\/index.php\/wp-json\/wp\/v2\/comments?post=12"}],"version-history":[{"count":7,"href":"https:\/\/fnsagribusiness.sn\/index.php\/wp-json\/wp\/v2\/pages\/12\/revisions"}],"predecessor-version":[{"id":105,"href":"https:\/\/fnsagribusiness.sn\/index.php\/wp-json\/wp\/v2\/pages\/12\/revisions\/105"}],"wp:attachment":[{"href":"https:\/\/fnsagribusiness.sn\/index.php\/wp-json\/wp\/v2\/media?parent=12"}],"curies":[{"name":"wp","href":"https:\/\/api.w.org\/{rel}","templated":true}]}}