{"id":2,"date":"2026-03-16T18:56:23","date_gmt":"2026-03-16T18:56:23","guid":{"rendered":"https:\/\/fnsagribusiness.sn\/?page_id=2"},"modified":"2026-03-21T12:30:30","modified_gmt":"2026-03-21T12:30:30","slug":"a-propos","status":"publish","type":"page","link":"https:\/\/fnsagribusiness.sn\/index.php\/a-propos\/","title":{"rendered":"A propos"},"content":{"rendered":"\t\t<div data-elementor-type=\"wp-page\" data-elementor-id=\"2\" class=\"elementor elementor-2\" data-elementor-post-type=\"page\">\n\t\t\t\t<div class=\"elementor-element elementor-element-4356fd64 e-flex e-con-boxed e-con e-parent\" data-id=\"4356fd64\" data-element_type=\"container\" data-e-type=\"container\" data-settings=\"{&quot;background_background&quot;:&quot;classic&quot;,&quot;background_motion_fx_motion_fx_scrolling&quot;:&quot;yes&quot;,&quot;background_motion_fx_translateY_effect&quot;:&quot;yes&quot;,&quot;background_motion_fx_translateY_speed&quot;:{&quot;unit&quot;:&quot;px&quot;,&quot;size&quot;:4,&quot;sizes&quot;:[]},&quot;background_motion_fx_translateY_affectedRange&quot;:{&quot;unit&quot;:&quot;%&quot;,&quot;size&quot;:&quot;&quot;,&quot;sizes&quot;:{&quot;start&quot;:0,&quot;end&quot;:100}},&quot;background_motion_fx_devices&quot;:[&quot;desktop&quot;,&quot;tablet&quot;,&quot;mobile&quot;]}\">\n\t\t\t\t\t<div class=\"e-con-inner\">\n\t\t\t\t<div class=\"elementor-element elementor-element-2e7bc2c4 elementor-widget elementor-widget-heading\" data-id=\"2e7bc2c4\" data-element_type=\"widget\" data-e-type=\"widget\" data-widget_type=\"heading.default\">\n\t\t\t\t\t<h2 class=\"elementor-heading-title elementor-size-default\">\u00c0 propos<\/h2>\t\t\t\t<\/div>\n\t\t\t\t\t<\/div>\n\t\t\t\t<\/div>\n\t\t<div class=\"elementor-element elementor-element-17796ff e-flex e-con-boxed e-con e-parent\" data-id=\"17796ff\" data-element_type=\"container\" data-e-type=\"container\">\n\t\t\t\t\t<div class=\"e-con-inner\">\n\t\t\t\t<div class=\"elementor-element elementor-element-3b874239 animated-slow elementor-invisible elementor-widget elementor-widget-heading\" data-id=\"3b874239\" data-element_type=\"widget\" data-e-type=\"widget\" data-settings=\"{&quot;_animation&quot;:&quot;fadeIn&quot;}\" data-widget_type=\"heading.default\">\n\t\t\t\t\t<h2 class=\"elementor-heading-title elementor-size-default\">Notre Histoire<\/h2>\t\t\t\t<\/div>\n\t\t\t\t<div class=\"elementor-element elementor-element-7042b01e elementor-widget-divider--view-line elementor-widget elementor-widget-divider\" data-id=\"7042b01e\" data-element_type=\"widget\" data-e-type=\"widget\" data-widget_type=\"divider.default\">\n\t\t\t\t\t\t\t<div class=\"elementor-divider\">\n\t\t\t<span class=\"elementor-divider-separator\">\n\t\t\t\t\t\t<\/span>\n\t\t<\/div>\n\t\t\t\t\t\t<\/div>\n\t\t<div class=\"elementor-element elementor-element-4e69aca7 e-con-full e-flex e-con e-child\" data-id=\"4e69aca7\" data-element_type=\"container\" data-e-type=\"container\">\n\t\t<div class=\"elementor-element elementor-element-5f465c16 e-con-full elementor-hidden-mobile e-flex e-con e-child\" data-id=\"5f465c16\" data-element_type=\"container\" data-e-type=\"container\">\n\t\t\t\t<div class=\"elementor-element elementor-element-34c11e11 elementor-widget__width-initial elementor-widget elementor-widget-heading\" data-id=\"34c11e11\" data-element_type=\"widget\" data-e-type=\"widget\" data-widget_type=\"heading.default\">\n\t\t\t\t\t<h2 class=\"elementor-heading-title elementor-size-default\">Chez FNS AGRI BUSINESS, nous ma\u00eetrisons chaque \u00e9tape du processus afin de garantir des produits conformes aux exigences des march\u00e9s internationaux.<\/h2>\t\t\t\t<\/div>\n\t\t\t\t<\/div>\n\t\t<div class=\"elementor-element elementor-element-1c435184 e-con-full e-flex e-con e-child\" data-id=\"1c435184\" data-element_type=\"container\" data-e-type=\"container\">\n\t\t\t\t<div class=\"elementor-element elementor-element-d5e6d6f elementor-widget elementor-widget-text-editor\" data-id=\"d5e6d6f\" data-element_type=\"widget\" data-e-type=\"widget\" data-widget_type=\"text-editor.default\">\n\t\t\t\t\t\t\t\t\t<p class=\"p1\">Implant\u00e9e \u00e0 <span class=\"s1\"><b>Gorom 1, route des Grandes Niayes, Bambilor \u2013 Dakar (S\u00e9n\u00e9gal)<\/b><\/span>, <span class=\"s1\"><b>FNS AGRI BUSINESS<\/b><\/span> est une entreprise sp\u00e9cialis\u00e9e depuis plus de 10 ans dans la production et l\u2019exportation de fruits et l\u00e9gumes, avec une expertise reconnue sur la mangue s\u00e9n\u00e9galaise.<\/p><p class=\"p1\">Depuis sa cr\u00e9ation, l\u2019entreprise s\u2019est engag\u00e9e \u00e0 valoriser le potentiel agricole du S\u00e9n\u00e9gal en mettant en avant des produits frais, naturels et conformes aux standards internationaux. Gr\u00e2ce \u00e0 un savoir-faire \u00e9prouv\u00e9 et une parfaite ma\u00eetrise de la cha\u00eene de production, FNS AGRI BUSINESS s\u2019est impos\u00e9e comme un acteur fiable du secteur agro-export.<\/p>\t\t\t\t\t\t\t\t<\/div>\n\t\t\t\t<\/div>\n\t\t\t\t<\/div>\n\t\t\t\t\t<\/div>\n\t\t\t\t<\/div>\n\t\t<div class=\"elementor-element elementor-element-5984c843 e-flex e-con-boxed e-con e-parent\" data-id=\"5984c843\" data-element_type=\"container\" data-e-type=\"container\" data-settings=\"{&quot;background_background&quot;:&quot;classic&quot;}\">\n\t\t\t\t\t<div class=\"e-con-inner\">\n\t\t<div class=\"elementor-element elementor-element-1ecd90cd e-con-full e-flex e-con e-child\" data-id=\"1ecd90cd\" data-element_type=\"container\" data-e-type=\"container\">\n\t\t\t\t<div class=\"elementor-element elementor-element-30b90ab3 elementor-widget elementor-widget-image\" data-id=\"30b90ab3\" data-element_type=\"widget\" data-e-type=\"widget\" data-widget_type=\"image.default\">\n\t\t\t\t\t\t\t\t\t\t\t\t\t\t\t<img fetchpriority=\"high\" decoding=\"async\" width=\"800\" height=\"569\" src=\"https:\/\/fnsagribusiness.sn\/wp-content\/uploads\/2026\/03\/19cd64b83ca8fc77359cd7048719563d-2048x1456-1-1024x728.jpg\" class=\"attachment-large size-large wp-image-128\" alt=\"\" srcset=\"https:\/\/fnsagribusiness.sn\/wp-content\/uploads\/2026\/03\/19cd64b83ca8fc77359cd7048719563d-2048x1456-1-1024x728.jpg 1024w, https:\/\/fnsagribusiness.sn\/wp-content\/uploads\/2026\/03\/19cd64b83ca8fc77359cd7048719563d-2048x1456-1-300x213.jpg 300w, https:\/\/fnsagribusiness.sn\/wp-content\/uploads\/2026\/03\/19cd64b83ca8fc77359cd7048719563d-2048x1456-1-768x546.jpg 768w, https:\/\/fnsagribusiness.sn\/wp-content\/uploads\/2026\/03\/19cd64b83ca8fc77359cd7048719563d-2048x1456-1-1536x1092.jpg 1536w, https:\/\/fnsagribusiness.sn\/wp-content\/uploads\/2026\/03\/19cd64b83ca8fc77359cd7048719563d-2048x1456-1.jpg 2048w\" sizes=\"(max-width: 800px) 100vw, 800px\" \/>\t\t\t\t\t\t\t\t\t\t\t\t\t\t\t<\/div>\n\t\t\t\t<\/div>\n\t\t<div class=\"elementor-element elementor-element-7d8aed13 e-con-full e-flex e-con e-child\" data-id=\"7d8aed13\" data-element_type=\"container\" data-e-type=\"container\">\n\t\t\t\t<div class=\"elementor-element elementor-element-6795affa animated-slow elementor-invisible elementor-widget elementor-widget-heading\" data-id=\"6795affa\" data-element_type=\"widget\" data-e-type=\"widget\" data-settings=\"{&quot;_animation&quot;:&quot;fadeIn&quot;}\" data-widget_type=\"heading.default\">\n\t\t\t\t\t<h2 class=\"elementor-heading-title elementor-size-default\">\ud83e\udd1d Nos Engagements<\/h2>\t\t\t\t<\/div>\n\t\t\t\t<div class=\"elementor-element elementor-element-4093576 elementor-widget elementor-widget-text-editor\" data-id=\"4093576\" data-element_type=\"widget\" data-e-type=\"widget\" data-widget_type=\"text-editor.default\">\n\t\t\t\t\t\t\t\t\t<p class=\"p1\">Chez FNS AGRI BUSINESS, nous nous engageons \u00e0 :<\/p>\n<ul>\n<li>\n<p class=\"p1\">Respecter les standards internationaux de qualit\u00e9<\/p>\n<\/li>\n<li>\n<p class=\"p1\">Maintenir une tra\u00e7abilit\u00e9 compl\u00e8te des produits<\/p>\n<\/li>\n<li>\n<p class=\"p1\">Soutenir les producteurs locaux<\/p>\n<\/li>\n<li>\n<p class=\"p1\">Favoriser des pratiques agricoles durables<\/p>\n<\/li>\n<\/ul>\n<p class=\"p1\">Notre ambition est de devenir une r\u00e9f\u00e9rence incontournable de l\u2019agro-export s\u00e9n\u00e9galais.<\/p>\t\t\t\t\t\t\t\t<\/div>\n\t\t\t\t<\/div>\n\t\t\t\t\t<\/div>\n\t\t\t\t<\/div>\n\t\t<div class=\"elementor-element elementor-element-3274e5e6 e-flex e-con-boxed e-con e-parent\" data-id=\"3274e5e6\" data-element_type=\"container\" data-e-type=\"container\">\n\t\t\t\t\t<div class=\"e-con-inner\">\n\t\t<div class=\"elementor-element elementor-element-48d16d8 e-con-full e-flex e-con e-child\" data-id=\"48d16d8\" data-element_type=\"container\" data-e-type=\"container\">\n\t\t\t\t<div class=\"elementor-element elementor-element-2953e297 animated-slow elementor-invisible elementor-widget elementor-widget-heading\" data-id=\"2953e297\" data-element_type=\"widget\" data-e-type=\"widget\" data-settings=\"{&quot;_animation&quot;:&quot;fadeIn&quot;}\" data-widget_type=\"heading.default\">\n\t\t\t\t\t<h2 class=\"elementor-heading-title elementor-size-default\">Pourquoi choisir <br>FNS AGRI BUSINESS<\/h2>\t\t\t\t<\/div>\n\t\t\t\t<div class=\"elementor-element elementor-element-1678c6d4 elementor-widget elementor-widget-text-editor\" data-id=\"1678c6d4\" data-element_type=\"widget\" data-e-type=\"widget\" data-widget_type=\"text-editor.default\">\n\t\t\t\t\t\t\t\t\t<ul><li><span style=\"font-weight: 400;\">+10 ans d&rsquo;exp\u00e9rience dans la mangue<\/span><\/li><li><span style=\"font-weight: 400;\">Certifications internationales (GlobalGAP, GRASP)<\/span><\/li><li><span style=\"font-weight: 400;\">Ma\u00eetrise totale de la cha\u00eene d&rsquo;approvisionnement<\/span><\/li><li><span style=\"font-weight: 400;\">Partenaire fiable avec r\u00e9f\u00e9rences clients solides<\/span><\/li><li><span style=\"font-weight: 400;\">Engagement \u00e9thique &amp; durable<\/span><\/li><\/ul>\t\t\t\t\t\t\t\t<\/div>\n\t\t\t\t<\/div>\n\t\t<div class=\"elementor-element elementor-element-1a7fc228 e-con-full e-flex e-con e-child\" data-id=\"1a7fc228\" data-element_type=\"container\" data-e-type=\"container\">\n\t\t\t\t<div class=\"elementor-element elementor-element-3a779645 elementor-widget elementor-widget-image\" data-id=\"3a779645\" data-element_type=\"widget\" data-e-type=\"widget\" data-widget_type=\"image.default\">\n\t\t\t\t\t\t\t\t\t\t\t\t\t\t\t<img decoding=\"async\" width=\"728\" height=\"484\" src=\"https:\/\/fnsagribusiness.sn\/wp-content\/uploads\/2026\/03\/pasteques-maroc-1.jpg\" class=\"attachment-large size-large wp-image-79\" alt=\"\" srcset=\"https:\/\/fnsagribusiness.sn\/wp-content\/uploads\/2026\/03\/pasteques-maroc-1.jpg 728w, https:\/\/fnsagribusiness.sn\/wp-content\/uploads\/2026\/03\/pasteques-maroc-1-300x199.jpg 300w\" sizes=\"(max-width: 728px) 100vw, 728px\" \/>\t\t\t\t\t\t\t\t\t\t\t\t\t\t\t<\/div>\n\t\t\t\t<\/div>\n\t\t\t\t\t<\/div>\n\t\t\t\t<\/div>\n\t\t\t\t<\/div>\n\t\t","protected":false},"excerpt":{"rendered":"<p>\u00c0 propos Notre Histoire Chez FNS AGRI BUSINESS, nous ma\u00eetrisons chaque \u00e9tape du processus afin de garantir des produits conformes aux exigences des march\u00e9s internationaux. Implant\u00e9e \u00e0 Gorom 1, route des Grandes Niayes, Bambilor \u2013 Dakar (S\u00e9n\u00e9gal), FNS AGRI BUSINESS est une entreprise sp\u00e9cialis\u00e9e depuis plus de 10 ans dans la production et l\u2019exportation de [&hellip;]<\/p>\n","protected":false},"author":2,"featured_media":0,"parent":0,"menu_order":0,"comment_status":"closed","ping_status":"closed","template":"","meta":{"footnotes":""},"class_list":["post-2","page","type-page","status-publish","hentry"],"_links":{"self":[{"href":"https:\/\/fnsagribusiness.sn\/index.php\/wp-json\/wp\/v2\/pages\/2","targetHints":{"allow":["GET"]}}],"collection":[{"href":"https:\/\/fnsagribusiness.sn\/index.php\/wp-json\/wp\/v2\/pages"}],"about":[{"href":"https:\/\/fnsagribusiness.sn\/index.php\/wp-json\/wp\/v2\/types\/page"}],"author":[{"embeddable":true,"href":"https:\/\/fnsagribusiness.sn\/index.php\/wp-json\/wp\/v2\/users\/2"}],"replies":[{"embeddable":true,"href":"https:\/\/fnsagribusiness.sn\/index.php\/wp-json\/wp\/v2\/comments?post=2"}],"version-history":[{"count":13,"href":"https:\/\/fnsagribusiness.sn\/index.php\/wp-json\/wp\/v2\/pages\/2\/revisions"}],"predecessor-version":[{"id":131,"href":"https:\/\/fnsagribusiness.sn\/index.php\/wp-json\/wp\/v2\/pages\/2\/revisions\/131"}],"wp:attachment":[{"href":"https:\/\/fnsagribusiness.sn\/index.php\/wp-json\/wp\/v2\/media?parent=2"}],"curies":[{"name":"wp","href":"https:\/\/api.w.org\/{rel}","templated":true}]}}