{"id":7,"date":"2026-03-16T19:03:50","date_gmt":"2026-03-16T19:03:50","guid":{"rendered":"https:\/\/fnsagribusiness.sn\/?page_id=7"},"modified":"2026-03-21T12:29:29","modified_gmt":"2026-03-21T12:29:29","slug":"accueil","status":"publish","type":"page","link":"https:\/\/fnsagribusiness.sn\/","title":{"rendered":"Accueil"},"content":{"rendered":"\t\t<div data-elementor-type=\"wp-page\" data-elementor-id=\"7\" class=\"elementor elementor-7\" data-elementor-post-type=\"page\">\n\t\t\t\t<div class=\"elementor-element elementor-element-1641f4a e-flex e-con-boxed e-con e-parent\" data-id=\"1641f4a\" data-element_type=\"container\" data-e-type=\"container\" data-settings=\"{&quot;background_background&quot;:&quot;classic&quot;}\">\n\t\t\t\t\t<div class=\"e-con-inner\">\n\t\t\t\t<div class=\"elementor-element elementor-element-7efd8e8 elementor-widget elementor-widget-heading\" data-id=\"7efd8e8\" data-element_type=\"widget\" data-e-type=\"widget\" data-widget_type=\"heading.default\">\n\t\t\t\t\t<h2 class=\"elementor-heading-title elementor-size-default\">\nVotre partenaire <br> de<span style=\"color:\"> confiance.<\/h2>\t\t\t\t<\/div>\n\t\t\t\t<div class=\"elementor-element elementor-element-8168fb5 elementor-widget__width-initial elementor-widget elementor-widget-text-editor\" data-id=\"8168fb5\" data-element_type=\"widget\" data-e-type=\"widget\" data-widget_type=\"text-editor.default\">\n\t\t\t\t\t\t\t\t\t<p>Sp\u00e9cialis\u00e9e dans la production et l\u2019exportation de mangues s\u00e9n\u00e9galaises et de produits agricoles de saison, FNS AGRI BUSINESS accompagne ses partenaires internationaux avec des standards \u00e9lev\u00e9s de qualit\u00e9 et une logistique ma\u00eetris\u00e9e.<\/p>\t\t\t\t\t\t\t\t<\/div>\n\t\t\t\t<div class=\"elementor-element elementor-element-1570d98 elementor-widget elementor-widget-button\" data-id=\"1570d98\" data-element_type=\"widget\" data-e-type=\"widget\" data-widget_type=\"button.default\">\n\t\t\t\t\t\t\t\t\t\t<a class=\"elementor-button elementor-button-link elementor-size-sm\" href=\"https:\/\/fnsagribusiness.sn\/index.php\/contact\/\">\n\t\t\t\t\t\t<span class=\"elementor-button-content-wrapper\">\n\t\t\t\t\t\t\t\t\t<span class=\"elementor-button-text\">Contactez-Nous \u2192<\/span>\n\t\t\t\t\t<\/span>\n\t\t\t\t\t<\/a>\n\t\t\t\t\t\t\t\t<\/div>\n\t\t\t\t\t<\/div>\n\t\t\t\t<\/div>\n\t\t<div class=\"elementor-element elementor-element-c032027 e-flex e-con-boxed e-con e-parent\" data-id=\"c032027\" data-element_type=\"container\" data-e-type=\"container\">\n\t\t\t\t\t<div class=\"e-con-inner\">\n\t\t\t\t<div class=\"elementor-element elementor-element-b748013 elementor-widget elementor-widget-button\" data-id=\"b748013\" data-element_type=\"widget\" data-e-type=\"widget\" data-widget_type=\"button.default\">\n\t\t\t\t\t\t\t\t\t\t<a class=\"elementor-button elementor-button-link elementor-size-sm\" href=\"#\">\n\t\t\t\t\t\t<span class=\"elementor-button-content-wrapper\">\n\t\t\t\t\t\t\t\t\t<span class=\"elementor-button-text\">Qui sommes-nous<\/span>\n\t\t\t\t\t<\/span>\n\t\t\t\t\t<\/a>\n\t\t\t\t\t\t\t\t<\/div>\n\t\t\t\t<div class=\"elementor-element elementor-element-5e9c98b elementor-widget elementor-widget-heading\" data-id=\"5e9c98b\" data-element_type=\"widget\" data-e-type=\"widget\" data-widget_type=\"heading.default\">\n\t\t\t\t\t<h2 class=\"elementor-heading-title elementor-size-default\">Qualit\u00e9 \u2022 Disponibilit\u00e9 <span style=\"color: #D87613\"> <br>\u2022 Prix comp\u00e9titifs<\/h2>\t\t\t\t<\/div>\n\t\t\t\t<div class=\"elementor-element elementor-element-11eb3d3 elementor-widget elementor-widget-text-editor\" data-id=\"11eb3d3\" data-element_type=\"widget\" data-e-type=\"widget\" data-widget_type=\"text-editor.default\">\n\t\t\t\t\t\t\t\t\t<p class=\"p1\">Implant\u00e9e \u00e0 <span class=\"s1\"><b>Gorom 1, route des Grandes Niayes, Bambilor \u2013 Dakar (S\u00e9n\u00e9gal)<\/b><\/span>, <span class=\"s1\"><b>FNS AGRI BUSINESS<\/b><\/span> est une entreprise sp\u00e9cialis\u00e9e depuis plus de 10 ans dans la production et l\u2019exportation de fruits et l\u00e9gumes, avec une expertise reconnue sur la mangue s\u00e9n\u00e9galaise.<\/p><p class=\"p1\">Depuis sa cr\u00e9ation, l\u2019entreprise s\u2019est engag\u00e9e \u00e0 valoriser le potentiel agricole du S\u00e9n\u00e9gal en mettant en avant des produits frais, naturels et conformes aux standards internationaux. Gr\u00e2ce \u00e0 un savoir-faire \u00e9prouv\u00e9 et une parfaite ma\u00eetrise de la cha\u00eene de production, FNS AGRI BUSINESS s\u2019est impos\u00e9e comme un acteur fiable du secteur agro-export.<\/p>\t\t\t\t\t\t\t\t<\/div>\n\t\t\t\t<div class=\"elementor-element elementor-element-417aee2 elementor-widget elementor-widget-button\" data-id=\"417aee2\" data-element_type=\"widget\" data-e-type=\"widget\" data-widget_type=\"button.default\">\n\t\t\t\t\t\t\t\t\t\t<a class=\"elementor-button elementor-button-link elementor-size-sm\" href=\"https:\/\/fnsagribusiness.sn\/index.php\/a-propos\/\">\n\t\t\t\t\t\t<span class=\"elementor-button-content-wrapper\">\n\t\t\t\t\t\t\t\t\t<span class=\"elementor-button-text\">En savoir plus<\/span>\n\t\t\t\t\t<\/span>\n\t\t\t\t\t<\/a>\n\t\t\t\t\t\t\t\t<\/div>\n\t\t\t\t\t<\/div>\n\t\t\t\t<\/div>\n\t\t<div class=\"elementor-element elementor-element-5445deb e-flex e-con-boxed e-con e-parent\" data-id=\"5445deb\" data-element_type=\"container\" data-e-type=\"container\" data-settings=\"{&quot;background_background&quot;:&quot;classic&quot;}\">\n\t\t\t\t\t<div class=\"e-con-inner\">\n\t\t<div class=\"elementor-element elementor-element-ef4f5c8 e-con-full e-flex e-con e-child\" data-id=\"ef4f5c8\" data-element_type=\"container\" data-e-type=\"container\">\n\t\t<div class=\"elementor-element elementor-element-4795efa e-con-full e-flex e-con e-child\" data-id=\"4795efa\" data-element_type=\"container\" data-e-type=\"container\" data-settings=\"{&quot;background_background&quot;:&quot;classic&quot;}\">\n\t\t\t\t<div class=\"elementor-element elementor-element-0f0d16a elementor-widget elementor-widget-heading\" data-id=\"0f0d16a\" data-element_type=\"widget\" data-e-type=\"widget\" data-widget_type=\"heading.default\">\n\t\t\t\t\t<h2 class=\"elementor-heading-title elementor-size-default\">\ud83c\udf31 Notre Mission<\/h2>\t\t\t\t<\/div>\n\t\t\t\t<div class=\"elementor-element elementor-element-d633880 elementor-widget elementor-widget-text-editor\" data-id=\"d633880\" data-element_type=\"widget\" data-e-type=\"widget\" data-widget_type=\"text-editor.default\">\n\t\t\t\t\t\t\t\t\t<p class=\"p1\">Notre mission est simple :<\/p><ul><li><p class=\"p1\">Produire des fruits et l\u00e9gumes de qualit\u00e9 sup\u00e9rieure<\/p><\/li><li><p class=\"p1\">Respecter les normes sanitaires et environnementales<\/p><\/li><li><p class=\"p1\">Promouvoir l\u2019agriculture s\u00e9n\u00e9galaise sur les march\u00e9s internationaux<\/p><\/li><li><p class=\"p1\">Garantir la satisfaction de nos partenaires et clients<\/p><\/li><\/ul><p class=\"p1\">Nous travaillons chaque jour avec passion pour offrir des produits frais, tra\u00e7ables et soigneusement s\u00e9lectionn\u00e9s.<\/p>\t\t\t\t\t\t\t\t<\/div>\n\t\t\t\t<\/div>\n\t\t\t\t<\/div>\n\t\t<div class=\"elementor-element elementor-element-959e64f e-con-full e-flex e-con e-child\" data-id=\"959e64f\" data-element_type=\"container\" data-e-type=\"container\">\n\t\t\t\t<\/div>\n\t\t\t\t\t<\/div>\n\t\t\t\t<\/div>\n\t\t<div class=\"elementor-element elementor-element-22d1ccd8 e-flex e-con-boxed e-con e-parent\" data-id=\"22d1ccd8\" data-element_type=\"container\" data-e-type=\"container\" data-settings=\"{&quot;background_background&quot;:&quot;classic&quot;}\">\n\t\t\t\t\t<div class=\"e-con-inner\">\n\t\t<div class=\"elementor-element elementor-element-7c1e2ca8 e-con-full e-flex e-con e-child\" data-id=\"7c1e2ca8\" data-element_type=\"container\" data-e-type=\"container\">\n\t\t\t\t<div class=\"elementor-element elementor-element-3bb84c16 elementor-align-center elementor-widget elementor-widget-button\" data-id=\"3bb84c16\" data-element_type=\"widget\" data-e-type=\"widget\" data-widget_type=\"button.default\">\n\t\t\t\t\t\t\t\t\t\t<a class=\"elementor-button elementor-button-link elementor-size-sm\" href=\"#\">\n\t\t\t\t\t\t<span class=\"elementor-button-content-wrapper\">\n\t\t\t\t\t\t\t\t\t<span class=\"elementor-button-text\">Notre Expertise<\/span>\n\t\t\t\t\t<\/span>\n\t\t\t\t\t<\/a>\n\t\t\t\t\t\t\t\t<\/div>\n\t\t\t\t<div class=\"elementor-element elementor-element-7d48cfaf animated-slow elementor-invisible elementor-widget elementor-widget-heading\" data-id=\"7d48cfaf\" data-element_type=\"widget\" data-e-type=\"widget\" data-settings=\"{&quot;_animation&quot;:&quot;fadeIn&quot;}\" data-widget_type=\"heading.default\">\n\t\t\t\t\t<h2 class=\"elementor-heading-title elementor-size-default\">Une expertise b\u00e2tie sur la passion<\/h2>\t\t\t\t<\/div>\n\t\t\t\t<div class=\"elementor-element elementor-element-745ada48 elementor-widget__width-initial elementor-widget elementor-widget-text-editor\" data-id=\"745ada48\" data-element_type=\"widget\" data-e-type=\"widget\" data-widget_type=\"text-editor.default\">\n\t\t\t\t\t\t\t\t\t<p><span style=\"font-weight: 400;\"> Cha\u00eene ma\u00eetris\u00e9e : Verger \u2192 Conditionnement \u2192 Export<\/span><\/p><p><span style=\"font-weight: 400;\"> Conditionnement : Tri, calibrage, emballage adapt\u00e9<\/span><\/p><p><span style=\"font-weight: 400;\"> Logistique : Cha\u00eene du froid optimis\u00e9e, exp\u00e9dition a\u00e9rienne\/maritime<\/span><\/p>\t\t\t\t\t\t\t\t<\/div>\n\t\t<div class=\"elementor-element elementor-element-7b7ce16 e-con-full e-flex e-con e-child\" data-id=\"7b7ce16\" data-element_type=\"container\" data-e-type=\"container\">\n\t\t<div class=\"elementor-element elementor-element-6d401315 e-con-full e-flex e-con e-child\" data-id=\"6d401315\" data-element_type=\"container\" data-e-type=\"container\" data-settings=\"{&quot;background_background&quot;:&quot;classic&quot;}\">\n\t\t\t\t<div class=\"elementor-element elementor-element-731b2fbe elementor-widget elementor-widget-image\" data-id=\"731b2fbe\" data-element_type=\"widget\" data-e-type=\"widget\" data-widget_type=\"image.default\">\n\t\t\t\t\t\t\t\t\t\t\t\t\t\t\t<img fetchpriority=\"high\" decoding=\"async\" width=\"800\" height=\"611\" src=\"https:\/\/fnsagribusiness.sn\/wp-content\/uploads\/2026\/03\/WhatsApp-Image-2026-02-23-at-17.06.31.jpeg\" class=\"attachment-large size-large wp-image-38\" alt=\"\" srcset=\"https:\/\/fnsagribusiness.sn\/wp-content\/uploads\/2026\/03\/WhatsApp-Image-2026-02-23-at-17.06.31.jpeg 996w, https:\/\/fnsagribusiness.sn\/wp-content\/uploads\/2026\/03\/WhatsApp-Image-2026-02-23-at-17.06.31-300x229.jpeg 300w, https:\/\/fnsagribusiness.sn\/wp-content\/uploads\/2026\/03\/WhatsApp-Image-2026-02-23-at-17.06.31-768x587.jpeg 768w\" sizes=\"(max-width: 800px) 100vw, 800px\" \/>\t\t\t\t\t\t\t\t\t\t\t\t\t\t\t<\/div>\n\t\t<div class=\"elementor-element elementor-element-46d5f091 e-con-full e-flex e-con e-child\" data-id=\"46d5f091\" data-element_type=\"container\" data-e-type=\"container\">\n\t\t\t\t<div class=\"elementor-element elementor-element-34257f16 elementor-widget elementor-widget-heading\" data-id=\"34257f16\" data-element_type=\"widget\" data-e-type=\"widget\" data-widget_type=\"heading.default\">\n\t\t\t\t\t<h2 class=\"elementor-heading-title elementor-size-default\">Mangue<\/h2>\t\t\t\t<\/div>\n\t\t\t\t<div class=\"elementor-element elementor-element-6d5c94e9 elementor-widget-divider--view-line elementor-widget elementor-widget-divider\" data-id=\"6d5c94e9\" data-element_type=\"widget\" data-e-type=\"widget\" data-widget_type=\"divider.default\">\n\t\t\t\t\t\t\t<div class=\"elementor-divider\">\n\t\t\t<span class=\"elementor-divider-separator\">\n\t\t\t\t\t\t<\/span>\n\t\t<\/div>\n\t\t\t\t\t\t<\/div>\n\t\t\t\t<div class=\"elementor-element elementor-element-376c44ad elementor-widget elementor-widget-text-editor\" data-id=\"376c44ad\" data-element_type=\"widget\" data-e-type=\"widget\" data-widget_type=\"text-editor.default\">\n\t\t\t\t\t\t\t\t\t<p class=\"p1\">Des mangues de qualit\u00e9 premium, cultiv\u00e9es pour l\u2019export.<\/p>\t\t\t\t\t\t\t\t<\/div>\n\t\t\t\t<div class=\"elementor-element elementor-element-7e1da9f1 elementor-align-left elementor-widget elementor-widget-button\" data-id=\"7e1da9f1\" data-element_type=\"widget\" data-e-type=\"widget\" data-widget_type=\"button.default\">\n\t\t\t\t\t\t\t\t\t\t<a class=\"elementor-button elementor-button-link elementor-size-sm\" href=\"https:\/\/fnsagribusiness.sn\/index.php\/expertises\/\">\n\t\t\t\t\t\t<span class=\"elementor-button-content-wrapper\">\n\t\t\t\t\t\t\t\t\t<span class=\"elementor-button-text\">Voir plus \u2192<\/span>\n\t\t\t\t\t<\/span>\n\t\t\t\t\t<\/a>\n\t\t\t\t\t\t\t\t<\/div>\n\t\t\t\t<\/div>\n\t\t\t\t<\/div>\n\t\t<div class=\"elementor-element elementor-element-7b7828d6 e-con-full e-flex e-con e-child\" data-id=\"7b7828d6\" data-element_type=\"container\" data-e-type=\"container\" data-settings=\"{&quot;background_background&quot;:&quot;classic&quot;}\">\n\t\t<div class=\"elementor-element elementor-element-4e3552b e-con-full e-flex e-con e-child\" data-id=\"4e3552b\" data-element_type=\"container\" data-e-type=\"container\">\n\t\t\t\t<div class=\"elementor-element elementor-element-18f1ba5e elementor-widget elementor-widget-heading\" data-id=\"18f1ba5e\" data-element_type=\"widget\" data-e-type=\"widget\" data-widget_type=\"heading.default\">\n\t\t\t\t\t<h2 class=\"elementor-heading-title elementor-size-default\">Autres fruits<\/h2>\t\t\t\t<\/div>\n\t\t\t\t<div class=\"elementor-element elementor-element-63284d81 elementor-widget-divider--view-line elementor-widget elementor-widget-divider\" data-id=\"63284d81\" data-element_type=\"widget\" data-e-type=\"widget\" data-widget_type=\"divider.default\">\n\t\t\t\t\t\t\t<div class=\"elementor-divider\">\n\t\t\t<span class=\"elementor-divider-separator\">\n\t\t\t\t\t\t<\/span>\n\t\t<\/div>\n\t\t\t\t\t\t<\/div>\n\t\t\t\t<div class=\"elementor-element elementor-element-4f9beedc elementor-widget elementor-widget-text-editor\" data-id=\"4f9beedc\" data-element_type=\"widget\" data-e-type=\"widget\" data-widget_type=\"text-editor.default\">\n\t\t\t\t\t\t\t\t\t<p class=\"p1\">Une s\u00e9lection de fruits frais adapt\u00e9s aux march\u00e9s internationaux.<\/p>\t\t\t\t\t\t\t\t<\/div>\n\t\t\t\t<div class=\"elementor-element elementor-element-458ab652 elementor-align-left elementor-widget elementor-widget-button\" data-id=\"458ab652\" data-element_type=\"widget\" data-e-type=\"widget\" data-widget_type=\"button.default\">\n\t\t\t\t\t\t\t\t\t\t<a class=\"elementor-button elementor-button-link elementor-size-sm\" href=\"https:\/\/fnsagribusiness.sn\/index.php\/expertises\/\">\n\t\t\t\t\t\t<span class=\"elementor-button-content-wrapper\">\n\t\t\t\t\t\t\t\t\t<span class=\"elementor-button-text\">Voir plus \u2192<\/span>\n\t\t\t\t\t<\/span>\n\t\t\t\t\t<\/a>\n\t\t\t\t\t\t\t\t<\/div>\n\t\t\t\t<\/div>\n\t\t\t\t<div class=\"elementor-element elementor-element-5f66e1b8 elementor-widget elementor-widget-image\" data-id=\"5f66e1b8\" data-element_type=\"widget\" data-e-type=\"widget\" data-widget_type=\"image.default\">\n\t\t\t\t\t\t\t\t\t\t\t\t\t\t\t<img decoding=\"async\" width=\"800\" height=\"600\" src=\"https:\/\/fnsagribusiness.sn\/wp-content\/uploads\/2026\/03\/pasteque-1024x768.jpg\" class=\"attachment-large size-large wp-image-39\" alt=\"\" srcset=\"https:\/\/fnsagribusiness.sn\/wp-content\/uploads\/2026\/03\/pasteque-1024x768.jpg 1024w, https:\/\/fnsagribusiness.sn\/wp-content\/uploads\/2026\/03\/pasteque-300x225.jpg 300w, https:\/\/fnsagribusiness.sn\/wp-content\/uploads\/2026\/03\/pasteque-768x576.jpg 768w, https:\/\/fnsagribusiness.sn\/wp-content\/uploads\/2026\/03\/pasteque-1536x1152.jpg 1536w, https:\/\/fnsagribusiness.sn\/wp-content\/uploads\/2026\/03\/pasteque.jpg 1600w\" sizes=\"(max-width: 800px) 100vw, 800px\" \/>\t\t\t\t\t\t\t\t\t\t\t\t\t\t\t<\/div>\n\t\t\t\t<\/div>\n\t\t<div class=\"elementor-element elementor-element-b439a4f e-con-full e-flex e-con e-child\" data-id=\"b439a4f\" data-element_type=\"container\" data-e-type=\"container\" data-settings=\"{&quot;background_background&quot;:&quot;classic&quot;}\">\n\t\t\t\t<div class=\"elementor-element elementor-element-36bf9a58 elementor-widget elementor-widget-image\" data-id=\"36bf9a58\" data-element_type=\"widget\" data-e-type=\"widget\" data-widget_type=\"image.default\">\n\t\t\t\t\t\t\t\t\t\t\t\t\t\t\t<img decoding=\"async\" width=\"800\" height=\"534\" src=\"https:\/\/fnsagribusiness.sn\/wp-content\/uploads\/2026\/03\/Haricots_verts01-1024x683.jpg\" class=\"attachment-large size-large wp-image-40\" alt=\"\" srcset=\"https:\/\/fnsagribusiness.sn\/wp-content\/uploads\/2026\/03\/Haricots_verts01-1024x683.jpg 1024w, https:\/\/fnsagribusiness.sn\/wp-content\/uploads\/2026\/03\/Haricots_verts01-300x200.jpg 300w, https:\/\/fnsagribusiness.sn\/wp-content\/uploads\/2026\/03\/Haricots_verts01-768x512.jpg 768w, https:\/\/fnsagribusiness.sn\/wp-content\/uploads\/2026\/03\/Haricots_verts01-1536x1024.jpg 1536w, https:\/\/fnsagribusiness.sn\/wp-content\/uploads\/2026\/03\/Haricots_verts01.jpg 1728w\" sizes=\"(max-width: 800px) 100vw, 800px\" \/>\t\t\t\t\t\t\t\t\t\t\t\t\t\t\t<\/div>\n\t\t<div class=\"elementor-element elementor-element-271e03b6 e-con-full e-flex e-con e-child\" data-id=\"271e03b6\" data-element_type=\"container\" data-e-type=\"container\">\n\t\t\t\t<div class=\"elementor-element elementor-element-65dfb9f2 elementor-widget elementor-widget-heading\" data-id=\"65dfb9f2\" data-element_type=\"widget\" data-e-type=\"widget\" data-widget_type=\"heading.default\">\n\t\t\t\t\t<h2 class=\"elementor-heading-title elementor-size-default\">L\u00e9gumes de saison<\/h2>\t\t\t\t<\/div>\n\t\t\t\t<div class=\"elementor-element elementor-element-6449eced elementor-widget-divider--view-line elementor-widget elementor-widget-divider\" data-id=\"6449eced\" data-element_type=\"widget\" data-e-type=\"widget\" data-widget_type=\"divider.default\">\n\t\t\t\t\t\t\t<div class=\"elementor-divider\">\n\t\t\t<span class=\"elementor-divider-separator\">\n\t\t\t\t\t\t<\/span>\n\t\t<\/div>\n\t\t\t\t\t\t<\/div>\n\t\t\t\t<div class=\"elementor-element elementor-element-119c73e6 elementor-widget elementor-widget-text-editor\" data-id=\"119c73e6\" data-element_type=\"widget\" data-e-type=\"widget\" data-widget_type=\"text-editor.default\">\n\t\t\t\t\t\t\t\t\t<p class=\"p1\">Des l\u00e9gumes frais, cultiv\u00e9s selon les meilleures pratiques agricoles.<\/p>\t\t\t\t\t\t\t\t<\/div>\n\t\t\t\t<div class=\"elementor-element elementor-element-2ca6c0a elementor-align-left elementor-widget elementor-widget-button\" data-id=\"2ca6c0a\" data-element_type=\"widget\" data-e-type=\"widget\" data-widget_type=\"button.default\">\n\t\t\t\t\t\t\t\t\t\t<a class=\"elementor-button elementor-button-link elementor-size-sm\" href=\"https:\/\/fnsagribusiness.sn\/index.php\/expertises\/\">\n\t\t\t\t\t\t<span class=\"elementor-button-content-wrapper\">\n\t\t\t\t\t\t\t\t\t<span class=\"elementor-button-text\">Voir plus \u2192<\/span>\n\t\t\t\t\t<\/span>\n\t\t\t\t\t<\/a>\n\t\t\t\t\t\t\t\t<\/div>\n\t\t\t\t<\/div>\n\t\t\t\t<\/div>\n\t\t\t\t<\/div>\n\t\t\t\t<\/div>\n\t\t\t\t\t<\/div>\n\t\t\t\t<\/div>\n\t\t<div class=\"elementor-element elementor-element-79d5f77 e-flex e-con-boxed e-con e-parent\" data-id=\"79d5f77\" data-element_type=\"container\" data-e-type=\"container\">\n\t\t\t\t\t<div class=\"e-con-inner\">\n\t\t\t\t<div class=\"elementor-element elementor-element-1c50b680 animated-slow elementor-invisible elementor-widget elementor-widget-heading\" data-id=\"1c50b680\" data-element_type=\"widget\" data-e-type=\"widget\" data-settings=\"{&quot;_animation&quot;:&quot;fadeIn&quot;}\" data-widget_type=\"heading.default\">\n\t\t\t\t\t<h2 class=\"elementor-heading-title elementor-size-default\">Nos <span style=\"color: #D87613\">Certifications<\/h2>\t\t\t\t<\/div>\n\t\t\t\t<div class=\"elementor-element elementor-element-2bba636a elementor-widget__width-initial elementor-widget elementor-widget-text-editor\" data-id=\"2bba636a\" data-element_type=\"widget\" data-e-type=\"widget\" data-widget_type=\"text-editor.default\">\n\t\t\t\t\t\t\t\t\t<p><span style=\"font-weight: 400;\"><strong>GlobalGAP :<\/strong> Bonnes pratiques agricoles et tra\u00e7abilit\u00e9<\/span><\/p><p><span style=\"font-family: -apple-system, BlinkMacSystemFont, 'Segoe UI', Roboto, 'Helvetica Neue', Arial, 'Noto Sans', sans-serif, 'Apple Color Emoji', 'Segoe UI Emoji', 'Segoe UI Symbol', 'Noto Color Emoji';\"><strong>GRASP :<\/strong> Responsabilit\u00e9 sociale des exploitations<\/span><\/p><p><span style=\"font-family: -apple-system, BlinkMacSystemFont, 'Segoe UI', Roboto, 'Helvetica Neue', Arial, 'Noto Sans', sans-serif, 'Apple Color Emoji', 'Segoe UI Emoji', 'Segoe UI Symbol', 'Noto Color Emoji';\"><strong>SMETA :<\/strong> Certification en cours (\u00e9thique et environnement)<\/span><\/p>\t\t\t\t\t\t\t\t<\/div>\n\t\t<div class=\"elementor-element elementor-element-971af00 e-con-full e-flex e-con e-child\" data-id=\"971af00\" data-element_type=\"container\" data-e-type=\"container\">\n\t\t<div class=\"elementor-element elementor-element-5a9ea484 e-con-full e-flex e-con e-child\" data-id=\"5a9ea484\" data-element_type=\"container\" data-e-type=\"container\">\n\t\t\t\t<div class=\"elementor-element elementor-element-127668d5 elementor-widget elementor-widget-image\" data-id=\"127668d5\" data-element_type=\"widget\" data-e-type=\"widget\" data-widget_type=\"image.default\">\n\t\t\t\t\t\t\t\t\t\t\t\t\t\t\t<img loading=\"lazy\" decoding=\"async\" width=\"570\" height=\"526\" src=\"https:\/\/fnsagribusiness.sn\/wp-content\/uploads\/2026\/03\/csm_logo-gobalgap_6e14e14758.png\" class=\"attachment-large size-large wp-image-41\" alt=\"\" srcset=\"https:\/\/fnsagribusiness.sn\/wp-content\/uploads\/2026\/03\/csm_logo-gobalgap_6e14e14758.png 570w, https:\/\/fnsagribusiness.sn\/wp-content\/uploads\/2026\/03\/csm_logo-gobalgap_6e14e14758-300x277.png 300w\" sizes=\"(max-width: 570px) 100vw, 570px\" \/>\t\t\t\t\t\t\t\t\t\t\t\t\t\t\t<\/div>\n\t\t\t\t<\/div>\n\t\t<div class=\"elementor-element elementor-element-68bef334 e-con-full e-flex e-con e-child\" data-id=\"68bef334\" data-element_type=\"container\" data-e-type=\"container\">\n\t\t\t\t<div class=\"elementor-element elementor-element-3c562367 elementor-widget elementor-widget-image\" data-id=\"3c562367\" data-element_type=\"widget\" data-e-type=\"widget\" data-widget_type=\"image.default\">\n\t\t\t\t\t\t\t\t\t\t\t\t\t\t\t<img loading=\"lazy\" decoding=\"async\" width=\"800\" height=\"256\" src=\"https:\/\/fnsagribusiness.sn\/wp-content\/uploads\/2026\/03\/smeta-scaled-1-1024x328.webp\" class=\"attachment-large size-large wp-image-42\" alt=\"\" srcset=\"https:\/\/fnsagribusiness.sn\/wp-content\/uploads\/2026\/03\/smeta-scaled-1-1024x328.webp 1024w, https:\/\/fnsagribusiness.sn\/wp-content\/uploads\/2026\/03\/smeta-scaled-1-300x96.webp 300w, https:\/\/fnsagribusiness.sn\/wp-content\/uploads\/2026\/03\/smeta-scaled-1-768x246.webp 768w, https:\/\/fnsagribusiness.sn\/wp-content\/uploads\/2026\/03\/smeta-scaled-1-1536x493.webp 1536w, https:\/\/fnsagribusiness.sn\/wp-content\/uploads\/2026\/03\/smeta-scaled-1-2048x657.webp 2048w\" sizes=\"(max-width: 800px) 100vw, 800px\" \/>\t\t\t\t\t\t\t\t\t\t\t\t\t\t\t<\/div>\n\t\t\t\t<\/div>\n\t\t<div class=\"elementor-element elementor-element-241ce2f1 e-con-full e-flex e-con e-child\" data-id=\"241ce2f1\" data-element_type=\"container\" data-e-type=\"container\">\n\t\t\t\t<div class=\"elementor-element elementor-element-7917f166 elementor-widget elementor-widget-image\" data-id=\"7917f166\" data-element_type=\"widget\" data-e-type=\"widget\" data-widget_type=\"image.default\">\n\t\t\t\t\t\t\t\t\t\t\t\t\t\t\t<img loading=\"lazy\" decoding=\"async\" width=\"600\" height=\"750\" src=\"https:\/\/fnsagribusiness.sn\/wp-content\/uploads\/2026\/03\/GRASP_hand_blue-title.png\" class=\"attachment-large size-large wp-image-43\" alt=\"\" srcset=\"https:\/\/fnsagribusiness.sn\/wp-content\/uploads\/2026\/03\/GRASP_hand_blue-title.png 600w, https:\/\/fnsagribusiness.sn\/wp-content\/uploads\/2026\/03\/GRASP_hand_blue-title-240x300.png 240w\" sizes=\"(max-width: 600px) 100vw, 600px\" \/>\t\t\t\t\t\t\t\t\t\t\t\t\t\t\t<\/div>\n\t\t\t\t<\/div>\n\t\t\t\t<\/div>\n\t\t\t\t\t<\/div>\n\t\t\t\t<\/div>\n\t\t\t\t<\/div>\n\t\t","protected":false},"excerpt":{"rendered":"<p>Votre partenaire de confiance. Sp\u00e9cialis\u00e9e dans la production et l\u2019exportation de mangues s\u00e9n\u00e9galaises et de produits agricoles de saison, FNS AGRI BUSINESS accompagne ses partenaires internationaux avec des standards \u00e9lev\u00e9s de qualit\u00e9 et une logistique ma\u00eetris\u00e9e. Contactez-Nous \u2192 Qui sommes-nous Qualit\u00e9 \u2022 Disponibilit\u00e9 \u2022 Prix comp\u00e9titifs Implant\u00e9e \u00e0 Gorom 1, route des Grandes Niayes, Bambilor [&hellip;]<\/p>\n","protected":false},"author":2,"featured_media":0,"parent":0,"menu_order":0,"comment_status":"closed","ping_status":"closed","template":"","meta":{"footnotes":""},"class_list":["post-7","page","type-page","status-publish","hentry"],"_links":{"self":[{"href":"https:\/\/fnsagribusiness.sn\/index.php\/wp-json\/wp\/v2\/pages\/7","targetHints":{"allow":["GET"]}}],"collection":[{"href":"https:\/\/fnsagribusiness.sn\/index.php\/wp-json\/wp\/v2\/pages"}],"about":[{"href":"https:\/\/fnsagribusiness.sn\/index.php\/wp-json\/wp\/v2\/types\/page"}],"author":[{"embeddable":true,"href":"https:\/\/fnsagribusiness.sn\/index.php\/wp-json\/wp\/v2\/users\/2"}],"replies":[{"embeddable":true,"href":"https:\/\/fnsagribusiness.sn\/index.php\/wp-json\/wp\/v2\/comments?post=7"}],"version-history":[{"count":29,"href":"https:\/\/fnsagribusiness.sn\/index.php\/wp-json\/wp\/v2\/pages\/7\/revisions"}],"predecessor-version":[{"id":127,"href":"https:\/\/fnsagribusiness.sn\/index.php\/wp-json\/wp\/v2\/pages\/7\/revisions\/127"}],"wp:attachment":[{"href":"https:\/\/fnsagribusiness.sn\/index.php\/wp-json\/wp\/v2\/media?parent=7"}],"curies":[{"name":"wp","href":"https:\/\/api.w.org\/{rel}","templated":true}]}}